{"id":7930,"date":"2018-02-26T22:27:44","date_gmt":"2018-02-26T19:27:44","guid":{"rendered":"http:\/\/www.larisaghitulescu.ro\/?page_id=7930"},"modified":"2019-10-14T19:07:35","modified_gmt":"2019-10-14T16:07:35","slug":"despre","status":"publish","type":"page","link":"https:\/\/www.larisaghitulescu.ro\/old\/despre\/","title":{"rendered":"Despre"},"content":{"rendered":"[vc_row type=&#8221;full_width_content&#8221; bg_color=&#8221;#a65bf4&#8243; scene_position=&#8221;center&#8221; text_color=&#8221;light&#8221; text_align=&#8221;left&#8221; overlay_strength=&#8221;0.3&#8243;][vc_column column_padding=&#8221;padding-7-percent&#8221; column_padding_position=&#8221;all&#8221; background_color=&#8221;#dd1c1c&#8221; background_color_opacity=&#8221;1&#8243; background_hover_color_opacity=&#8221;1&#8243; el_class=&#8221;despre&#8221; width=&#8221;1\/1&#8243;][vc_column_text]\n<h2>Stilul meu: simplu\u00a0<i>&amp;<\/i>\u00a0memorabil<\/h2>\n[\/vc_column_text][divider line_type=&#8221;No Line&#8221; custom_height=&#8221;30&#8243;][vc_column_text]<strong>G\u00e2ndire critic\u0103. Minte creativ\u0103. Fiin\u021b\u0103 norocoas\u0103.<\/strong><\/p>\n<p><strong>EXPERIEN\u021a\u0102:<\/strong> Am \u00een spate <strong>20 de ani de munc\u0103<\/strong> \u00een\u00a0\u0219apte redac\u021bii (divertisment, \u0219tiri, pres\u0103 de afaceri); o companie cu capital rom\u00e2nesc; o multina\u021bional\u0103; o institu\u021bie media public\u0103; o funda\u021bie; o facultate; un Guvern; \u0219apte ani pe cont propriu.<\/p>\n<p><strong>CE AM CREAT<\/strong>: O serie de <strong>ateliere<\/strong> de <a href=\"http:\/\/www.larisaghitulescu.ro\/ateliere\/\" target=\"_blank\" rel=\"noopener\">g\u00e2ndire critic\u0103 \u0219i alfabetizare media<\/a> (2017). Conceptul, abordarea \u0219i instrumentele de lucru sunt\u00a0<strong>unice<\/strong> \u0219i <strong>100% autentice<\/strong>. Misiunea lor: c\u00e2t mai mul\u021bi oameni cu mintea antrenat\u0103 \u00eempotriva f\u0103c\u0103turilor de orice fel.<\/p>\n<p><strong>CE AM CONSTRUIT:<\/strong> Un program pentru <strong>echipe<\/strong>\u00a0bazat pe \u00eent\u00e2mpl\u0103ri adev\u0103rate. Studiile de caz sunt realizate prin interviuri \u00eencruci\u0219ate, documentare \u0219i analiz\u0103 de context. De asemenea <strong>unic \u0219i 100% autentic\u00a0<\/strong><span style=\"text-decoration: underline;\">(<\/span><a href=\"http:\/\/www.larisaghitulescu.ro\/summiteers\/?lang=ro\" target=\"_blank\" rel=\"noopener\">SUMMITEERS<\/a><em>).<\/em><\/p>\n<p><strong>JURNALISM: <\/strong>Am \u00eenceput ca reporter, apoi redactor \u00eentr-o redac\u021bie de divertisment (TVR), \u00een studen\u021bie.<strong>\u00a0<\/strong>Au urmat <strong>zece ani\u00a0de jurnalism financiar<\/strong> la Business Media Group, AdMaker, Business Magazin &amp; Ziarul Financiar, NewsIn, Money Express, pe cont propriu. O selec\u021bie de articole de arhiv\u0103, <a href=\"http:\/\/www.larisaghitulescu.ro\/articles\/?lang=ro\" target=\"_blank\" rel=\"noopener\">aici.<\/a><\/p>\n<p><strong>MANAGEMENT: \u0218apte ani<\/strong> de experien\u021b\u0103 \u00een managementul comunic\u0103rii (organiza\u021bii publice \u0219i private; antreprenoriat). Am condus, respectiv construit echipe, al\u0103turi de care am dezvoltat instrumente proprii de lucru.<\/p>\n<p><strong>CU TINERII: Instructor<\/strong> la Facultatea de Jurnalism \u0219i \u0218tiin\u021bele Comunic\u0103rii &#8211; FJSC (Universitatea Bucure\u0219ti) &#8211; <em>Tehnici de redactare,<\/em>\u00a0<em>Genurile Presei, Dreptul Comunic\u0103rii.<\/em><\/p>\n<p><strong>STUDII:\u00a0<\/strong>\u00cen Jurnalism \u0219i Comunicare (FJSC, Universitatea Bucure\u0219ti, 2000). Am absolvit un program de Master \u00een Managementul Institu\u021biilor Mass-Media (2002). Am participat la diverse programe de preg\u0103tire \u0219i documentare \u00een Republica Moldova, Japonia, Bulgaria, Elve\u021bia \u0219i Marea Britanie. Pu\u0219i cap la cap, cu tot cu formare \u00een afara \u0219colii, sunt \u0219ase ani de instruire de specialitate \u00een Jurnalism \u0219i \u0218tiin\u021bele Comunic\u0103rii.<\/p>\n<p><strong>CERCETARE: <\/strong>De tip antropologic, \u00een domeniul mass-media, pentru lucrarea de licen\u021b\u0103 &#8211;\u00a0<em>&#8220;Ritualuri ale consumului mass-media: televizorul, \u00eentre mersul la c\u00e2mp \u0219i \u00eempletitul ciorapilor&#8221;<\/em> (2000). \u0218i o analiz\u0103 \u00een domeniul leadership-ului \u00een presa rom\u00e2neasc\u0103 &#8211;\u00a0<em>&#8220;Managerii fac lucrurile bine, liderii fac lucrurile bune&#8221;<\/em> (2002). Cercetarea a continuat pe teren, ca jurnalist, \u0219i <a href=\"http:\/\/www.larisaghitulescu.ro\/fenomenul-fake-news-facaturile-produc-efecte-si-mutatii-vizibile-in-societate\/?lang=ro\" target=\"_blank\" rel=\"noopener\">continu\u0103 \u0219i \u00een prezent<\/a> prin metode investigative (interviuri, observa\u021bie participativ\u0103, g\u00e2ndire critic\u0103), iar ce rezult\u0103 dau mai departe \u00een munca pe care o fac.<\/p>\n<p><strong>VOLUNTARIAT: Sute de ore de implicare<\/strong> \u00een proiecte cu \u0219i pentru urm\u0103toarea genera\u021bie de jurnali\u0219ti \u0219i comunicatori.<\/p>\n<p><strong>IUBESC: mun\u021bii, p\u0103durile, apa pur\u0103, viet\u0103\u021bile<\/strong>. <a href=\"http:\/\/www.larisaghitulescu.ro\/%e2%80%b3izvoare-din-carpati-care-acum-cativa-ani-erau-pline-de-apa-curgatoare-acum-nu-se-mai-zaresc%e2%80%b3\/?lang=ro\" target=\"_blank\" rel=\"noopener\">Explorez cu responsabilitate natura s\u0103lbatic\u0103 din Rom\u00e2nia, \u00eempreun\u0103 cu un prieten ceh.<\/a><\/p>\n<p><strong>CE \u00ceMI PROPUN:\u00a0<\/strong>Orice fac &#8211; proiecte noi, educa\u021bie, voluntariat &#8211; s\u0103 fie \u00eentr-o direc\u021bie care \u00eei arat\u0103 naturii respectul cuvenit. S\u0103 dau totul pentru educarea viitoarei genera\u021bii de formatori de opinie.<\/p>\n<p style=\"text-align: center;\">***<\/p>\n<p>Dac\u0103 nu faci deja parte din comunitatea mea de cititori \u0219i consideri util ce scriu, te invit s\u0103 completezi <a href=\"https:\/\/docs.google.com\/forms\/d\/e\/1FAIpQLSdW_czHURMqgj-FgazFkQ0pldEUCi6VHoHswwhPAybfQX95hA\/viewform?usp=pp_url\">acest scurt formular.<\/a> Dureaz\u0103 mai pu\u021bin de un minut.[\/vc_column_text][vc_row_inner][vc_column_inner enable_animation=&#8221;true&#8221; animation=&#8221;fade-in&#8221; column_padding=&#8221;no-extra-padding&#8221; column_padding_position=&#8221;all&#8221; background_color_opacity=&#8221;1&#8243; width=&#8221;1\/1&#8243;][divider line_type=&#8221;No Line&#8221; custom_height=&#8221;30&#8243;]<div  data-transition=\"slide\" data-overall_style=\"classic\" data-flexible-height=\"true\" data-animate-in-effect=\"none\" data-fullscreen=\"false\" data-button-sizing=\"regular\" data-button-styling=\"btn_with_count\" data-autorotate=\"5000\" data-parallax=\"false\" data-parallax-disable-mobile=\"\" data-caption-trans=\"fade_in_from_bottom\" data-parallax-style=\"bg_only\" data-bg-animation=\"none\" data-full-width=\"false\" class=\"nectar-slider-wrap \" id=\"nectar-slider-instance-1\"><div class=\"swiper-container\"  data-tho=\"auto\" data-tco=\"auto\" data-pho=\"auto\" data-pco=\"auto\" data-loop=\"false\" data-height=\"650\" data-min-height=\"\" data-arrows=\"false\" data-bullets=\"false\" data-bullet_style=\"see_through\" data-bullet_position=\"bottom\" data-desktop-swipe=\"false\" data-settings=\"\"> <div class=\"swiper-wrapper\"><div class=\"swiper-slide\" data-desktop-content-width=\"\" data-tablet-content-width=\"\" data-bg-alignment=\"top\" data-color-scheme=\"light\" data-x-pos=\"left\" data-y-pos=\"bottom\" ><div class=\"slide-bg-wrap\"><div class=\"image-bg\" style=\"background-image: url(https:\/\/www.larisaghitulescu.ro\/old\/wp-content\/uploads\/2017\/09\/site2-1.jpg);\"> &nbsp; <\/div><\/div><div class=\"container\">\n\t\t\t\t\t\t<div class=\"content\"><h2 class=\"ns-heading-el\">Critical thinker. Fake news and hoax analyst. Media trainer. <\/h2><p class=\"transparent-bg\" ><span> - and more<\/span><\/p><\/div>\n\t\t\t\t\t\t\t\t<\/div><!--\/container--><a href=\"#\" class=\"slider-down-arrow\"><i class=\"icon-salient-down-arrow icon-default-style\"> <span class=\"ie-fix\"><\/span> <\/i><\/a><div class=\"video-texture active_texture\"> <span class=\"ie-fix\"><\/span> <\/div><\/div> <!--\/swiper-slide--><div class=\"swiper-slide\" data-desktop-content-width=\"\" data-tablet-content-width=\"\" data-bg-alignment=\"bottom\" data-color-scheme=\"light\" data-x-pos=\"left\" data-y-pos=\"middle\" ><div class=\"slide-bg-wrap\"><div class=\"image-bg\" style=\"background-image: url(https:\/\/www.larisaghitulescu.ro\/old\/wp-content\/uploads\/2017\/03\/summiteers_with_titles_02-e1490768024334.png);\"> &nbsp; <\/div><\/div><div class=\"container\">\n\t\t\t\t\t\t<div class=\"content\"><h2 class=\"ns-heading-el\">Teams<\/h2><p  ><span>A program designed for teams and leaders, based on true stories I dig into<\/span><\/p><\/div>\n\t\t\t\t\t\t\t\t<\/div><!--\/container--><div class=\"video-texture \"> <span class=\"ie-fix\"><\/span> <\/div><\/div> <!--\/swiper-slide--><div class=\"swiper-slide\" data-desktop-content-width=\"\" data-tablet-content-width=\"\" data-bg-alignment=\"center\" data-color-scheme=\"light\" data-x-pos=\"left\" data-y-pos=\"middle\" ><div class=\"slide-bg-wrap\"><div class=\"image-bg\" style=\"background-image: url(https:\/\/www.larisaghitulescu.ro\/old\/wp-content\/uploads\/2017\/10\/Draft_IMG_4552-e1508145204895.jpg);\"> &nbsp; <\/div><\/div><div class=\"container\">\n\t\t\t\t\t\t<div class=\"content\"><h2 class=\"ns-heading-el\">Workshops<\/h2><p class=\"transparent-bg\" ><span>For critical thinking and media literacy. I instruct people how to protect themselves against hoax, manipulation and fake news.<\/span><\/p><\/div>\n\t\t\t\t\t\t\t\t<\/div><!--\/container--><a href=\"#\" class=\"slider-down-arrow\"><i class=\"icon-salient-down-arrow icon-default-style\"> <span class=\"ie-fix\"><\/span> <\/i><\/a><div class=\"video-texture active_texture\"> <span class=\"ie-fix\"><\/span> <\/div><\/div> <!--\/swiper-slide--><div class=\"swiper-slide\" data-desktop-content-width=\"\" data-tablet-content-width=\"\" data-bg-alignment=\"center\" data-color-scheme=\"light\" data-x-pos=\"left\" data-y-pos=\"middle\" ><div class=\"slide-bg-wrap\"><div class=\"image-bg\" style=\"background-image: url(https:\/\/www.larisaghitulescu.ro\/old\/wp-content\/uploads\/2016\/04\/slide01.jpg);\"> &nbsp; <\/div><\/div><div class=\"container\">\n\t\t\t\t\t\t<div class=\"content\"><h2 class=\"ns-heading-el\">Mission<\/h2><p class=\"transparent-bg\" ><span>To build projects always bearing in mind the respect nature is worthy of. To do my best in educating the next generation of opinion makers.<\/span><\/p><\/div>\n\t\t\t\t\t\t\t\t<\/div><!--\/container--><a href=\"#\" class=\"slider-down-arrow\"><i class=\"icon-salient-down-arrow icon-default-style\"> <span class=\"ie-fix\"><\/span> <\/i><\/a><div class=\"video-texture active_texture\"> <span class=\"ie-fix\"><\/span> <\/div><\/div> <!--\/swiper-slide--><\/div><div class=\"nectar-slider-loading \"> <span class=\"loading-icon none\">   <\/span> <\/div> <\/div> \n\t\t\t\t\t\n\t\t\t\t\t<\/div>[vc_text_separator title=&#8221;LANSATE&#8221; title_align=&#8221;separator_align_left&#8221; color=&#8221;juicy_pink&#8221;][vc_column_text]<strong>SUMMITEERS &#8211; un program pentru\u00a0echipe, inspirat din \u00eent\u00e2mpl\u0103ri adev\u0103rate; IA GHICI!- ateliere\u00a0de g\u00e2ndire critic\u0103 \u0219i alfabetizare media.<\/strong>[\/vc_column_text][divider line_type=&#8221;No Line&#8221;][\/vc_column_inner][\/vc_row_inner][vc_text_separator title=&#8221;M\u0103rturii despre Larisa,<br \/>\nca om \u0219i jurnalist&#8221;][testimonial_slider style=&#8221;default&#8221;][testimonial title=&#8221;Testimonial&#8221; tab_id=&#8221;1522421366827-7&#8243; name=&#8221;ES Luca Niculescu&#8221; subtitle=&#8221;Ambasadorul Rom\u00e2niei \u00een Fran\u021ba, fost jurnalist RFI&#8221; quote=&#8221;Larisa Ghitulescu e un om in egala masura serios si vesel. Am cunoscut-o in studentia ei, cand imi dadea lectii de engleza si invata japoneza pentru o calatorie la Tokio. E dinamica, pozitiva si zambeste des. Foarte important: nu s-a blazat, desi a lucrat in presa, publicitate si PR, domenii in care intalnesti multi cinici. &#8221; id=&#8221;1522424961849-0&#8243;] Click the edit button to add your testimonial. [\/testimonial][testimonial title=&#8221;Testimonial&#8221; tab_id=&#8221;1522421366971-5&#8243; name=&#8221;Florian Petrica&#8221; subtitle=&#8221;Cadru didactic, Facultatea de Jurnalism \u0219i \u0218tiin\u021bele Comunic\u0103rii; jurnalist sportiv&#8221; quote=&#8221;Putine persoane iti pot da impresia ca pot fi in mai multe locuri in acelasi timp. Larisa este una dintre ele. Cand o vezi pentru prima data, ar fi imposibil ca zambetul ei strengaresc sa nu te puna pe ganduri. Cu timpul insa, vei dezlega misterul. Zambeste pentru ca stie deja, ca nimic nu e prea greu pentru ea. Poate fi un interviu dificil de obtinut sau un sfat pentru un coleg. Indiferent de situatie, ea va gasi solutia. Si nu oricum. Va avea acel interviu in exclusivitate si un prieten mai mult, zambind, de fiecare data. &#8221; id=&#8221;1522422193733-0&#8243;] Click the edit button to add your testimonial. [\/testimonial][testimonial title=&#8221;Testimonial&#8221; tab_id=&#8221;1522421603845-2&#8243; name=&#8221;Grant McKenzie&#8221; subtitle=&#8221;ex-Vice-Pre\u0219edinte de Marketing, Ursus Breweries&#8221; quote=&#8221;Larisa a fost singurul jurnalist bine informat, pregatit si cu o intelegere profunda, care mi-a dat de gandit. Fata desteapta.&#8221; id=&#8221;1522422193761-5&#8243;][\/testimonial][testimonial title=&#8221;Testimonial&#8221; tab_id=&#8221;1522424713870-0&#8243; quote=&#8221;Mi-au placut la ea exercitiile practice propuse, atitudinea calda si prietenoasa fata de studenti, modul de predare a disciplinei, sfaturile, obiectivitatea, atmosfera destinsa din timpul seminarului.&#8221; name=&#8221;Valentina Podgorneac&#8221; subtitle=&#8221;student&#8221; id=&#8221;1522425129739-2&#8243;][\/testimonial][testimonial title=&#8221;Testimonial&#8221; tab_id=&#8221;1522421766575-2&#8243; name=&#8221;Dragos Stanca&#8221; subtitle=&#8221;Membru al Boardului, ThinkDigital Group &#8221; quote=&#8221;Nu trebuie sa fii pilot pe Boeing ca sa scrii un articol competent despre industria aeronautica. Totusi, e greu spre imposibil uneori sa scrii un material despre domeniul X &#8211; unde X este egal cu orice &#8211; care sa nu aiba cusur in ochii unui profesionist din domeniul respectiv. Cu toate astea, articolele Larisei despre media si advertising pe care le primeam uneori, in ideea &#8220;vezi si tu daca ti se pare ceva in neregula&#8220;, nu aveau cusur. Acum, sunt doua variante: fie Larisa e foarte serioasa, riguroasa si stie meserie maxim, fie nu sunt eu chiar asa de bun in ce fac. Cu toata modestia care-mi lipseste, imi place sa cred, totusi, ca varianta A este cea corecta.&#8221; id=&#8221;1522422193813-0&#8243;][\/testimonial][testimonial title=&#8221;Testimonial&#8221; tab_id=&#8221;1522421829790-2&#8243; name=&#8221;Eusediu Margasoiu&#8221; subtitle=&#8221;consultant de business&#8221; quote=&#8221;Daca maine as deveni proprietar media, primul om \u2013 si jurnalist, printre altele \u2013 pe care m-as gandi sa il iau in echipa este Larisa.<br \/>\nLarisa are curaj si tarie. Face ceea ce spune. Poate ca ar trebui sa vorbeasca mai mult despre ceea ce face. Dar are acel bun-simt de care cu totii am avea nevoie zi de zi. Restul este\u2026 can-can.&#8221; id=&#8221;1522422193872-9&#8243;][\/testimonial][testimonial title=&#8221;Testimonial&#8221; tab_id=&#8221;1522422138831-9&#8243; name=&#8221;Marius Hagger&#8221; subtitle=&#8221;ex-Director General al Ringier Romania&#8221; quote=&#8221;Larisa m-a intervievat de mai multe ori in perioada in care eram Director General al trustului Ringier. I-am urmarit cu atentie articolele din Money Express. Larisa este un jurnalist extrem de talentat, cu standarde etice profunde. Sapa dupa fapte, ca sa se apropie cat mai mult de adevar. Nu s-a lasat niciodata folosita ca jurnalist de PR (embedded PR-journalist) asa cum multi o faceau si inca o fac in Romania. Larisa a fost mereu corecta si, dincolo de asta, scrie foarte bine.&#8221; id=&#8221;1522422260599-8&#8243;][\/testimonial][testimonial title=&#8221;Testimonial&#8221; tab_id=&#8221;1522422210031-1&#8243; name=&#8221;Cristian Hostiuc&#8221; subtitle=&#8221;Director Editorial, Ziarul Financiar&#8221; quote=&#8221;Este un jurnalist bun. Are un stil de scriitura placut. Are chemare catre asa ceva. Sper ca va continua sa scrie.&#8221; id=&#8221;1522422365815-7&#8243;][\/testimonial][testimonial title=&#8221;Testimonial&#8221; tab_id=&#8221;1522424976423-7&#8243; name=&#8221;Andreea Ruxanda&#8221; subtitle=&#8221;student&#8221; quote=&#8221;Are metode iesite din comun, dar atragatoare de a explica (prin obiecte ), buna dispozitie, devotament, rabdare. In plus, ne-a lasat sa ne dam seama singuri ce e corect si ce e gresit, doar cu niste indicii, ceea ce mi se pare foarte util si important.&#8221; id=&#8221;1522426466657-3&#8243;][\/testimonial][testimonial title=&#8221;Testimonial&#8221; tab_id=&#8221;1522422314940-5&#8243; name=&#8221;Maria Tudor&#8221; subtitle=&#8221;Publicis One, ex Zenith Media&#8221; quote=&#8221;Bine pregatita, incisiva, imprevizibila. Un partener viu de conversatie. O opinie competenta. Inspirata. Un model exemplar. Imi place Larisa. Si o respect. Si mi-e dor de ea :)&#8221; id=&#8221;1522422499497-7&#8243;][\/testimonial][\/testimonial_slider][\/vc_column][\/vc_row][vc_row type=&#8221;full_width_content&#8221; bg_color=&#8221;#ffffff&#8221; scene_position=&#8221;center&#8221; text_color=&#8221;dark&#8221; text_align=&#8221;left&#8221; overlay_strength=&#8221;0.3&#8243;][vc_column column_padding=&#8221;padding-7-percent&#8221; column_padding_position=&#8221;all&#8221; background_color_opacity=&#8221;1&#8243; background_color_hover=&#8221;#f9f9f9&#8243; background_hover_color_opacity=&#8221;1&#8243; width=&#8221;1\/3&#8243;][vc_row_inner][vc_column_inner enable_animation=&#8221;true&#8221; animation=&#8221;fade-in-from-bottom&#8221; column_padding=&#8221;no-extra-padding&#8221; column_padding_position=&#8221;all&#8221; background_color_opacity=&#8221;1&#8243; width=&#8221;1\/1&#8243;][divider line_type=&#8221;No Line&#8221; custom_height=&#8221;10&#8243;][vc_column_text]\n<h3><span style=\"color: #e4e4e4;\">01.<\/span>\u00a0Explorez<\/h3>\n[\/vc_column_text][\/vc_column_inner][\/vc_row_inner][\/vc_column][vc_column column_padding=&#8221;padding-7-percent&#8221; column_padding_position=&#8221;all&#8221; background_color_opacity=&#8221;1&#8243; background_color_hover=&#8221;#f9f9f9&#8243; background_hover_color_opacity=&#8221;1&#8243; width=&#8221;1\/3&#8243;][vc_row_inner][vc_column_inner enable_animation=&#8221;true&#8221; animation=&#8221;fade-in-from-bottom&#8221; column_padding=&#8221;no-extra-padding&#8221; column_padding_position=&#8221;all&#8221; background_color_opacity=&#8221;1&#8243; width=&#8221;1\/1&#8243; delay=&#8221;200&#8243;][divider line_type=&#8221;No Line&#8221; custom_height=&#8221;10&#8243;][vc_column_text]\n<h3><span style=\"color: #e4e4e4;\">02.<\/span>\u00a0G\u00e2ndesc<\/h3>\n[\/vc_column_text][\/vc_column_inner][\/vc_row_inner][\/vc_column][vc_column column_padding=&#8221;padding-7-percent&#8221; column_padding_position=&#8221;all&#8221; background_color_opacity=&#8221;1&#8243; background_color_hover=&#8221;#f9f9f9&#8243; background_hover_color_opacity=&#8221;1&#8243; width=&#8221;1\/3&#8243;][vc_row_inner][vc_column_inner enable_animation=&#8221;true&#8221; animation=&#8221;fade-in-from-bottom&#8221; column_padding=&#8221;no-extra-padding&#8221; column_padding_position=&#8221;all&#8221; background_color_opacity=&#8221;1&#8243; width=&#8221;1\/1&#8243; delay=&#8221;400&#8243;][divider line_type=&#8221;No Line&#8221; custom_height=&#8221;10&#8243;][vc_column_text]\n<h3><span style=\"color: #e4e4e4;\">03.<\/span>\u00a0Fac<\/h3>\n[\/vc_column_text][\/vc_column_inner][\/vc_row_inner][\/vc_column][\/vc_row][vc_row type=&#8221;full_width_content&#8221; scene_position=&#8221;center&#8221; text_color=&#8221;light&#8221; text_align=&#8221;left&#8221; overlay_strength=&#8221;0.3&#8243;][vc_column column_padding=&#8221;padding-10-percent&#8221; column_padding_position=&#8221;all&#8221; background_color=&#8221;#f7f7f7&#8243; background_color_opacity=&#8221;1&#8243; background_color_hover=&#8221;#f7f7f7&#8243; background_hover_color_opacity=&#8221;0.9&#8243; background_image=&#8221;5364&#8243; width=&#8221;1\/2&#8243; column_link=&#8221;work&#8221;][morphing_outline starting_color=&#8221;#fd0025&#8243; hover_color=&#8221;#fd0025&#8243; border_thickness=&#8221;11&#8243;]\n<h5><i>Proiecte<\/i><\/h5>\n<h2>Vezi o selec\u021bie<\/h2>\n[\/morphing_outline][\/vc_column][vc_column column_padding=&#8221;padding-10-percent&#8221; column_padding_position=&#8221;all&#8221; background_color=&#8221;#eb0000&#8243; background_color_opacity=&#8221;1&#8243; background_color_hover=&#8221;#eb0000&#8243; background_hover_color_opacity=&#8221;0.9&#8243; background_image=&#8221;5275&#8243; width=&#8221;1\/2&#8243; column_link=&#8221;contact&#8221;][morphing_outline starting_color=&#8221;#ffffff&#8221; hover_color=&#8221;#ffffff&#8221; border_thickness=&#8221;11&#8243;]\n<h5><i>\u00ce\u021bi place ce vezi?<\/i><\/h5>\n<h2>Contacteaz\u0103-m\u0103<\/h2>\n[\/morphing_outline][\/vc_column][\/vc_row]\n","protected":false},"excerpt":{"rendered":"<p>[vc_row type=&#8221;full_width_content&#8221; bg_color=&#8221;#a65bf4&#8243; scene_position=&#8221;center&#8221; text_color=&#8221;light&#8221; text_align=&#8221;left&#8221; overlay_strength=&#8221;0.3&#8243;][vc_column column_padding=&#8221;padding-7-percent&#8221; column_padding_position=&#8221;all&#8221; background_color=&#8221;#dd1c1c&#8221; background_color_opacity=&#8221;1&#8243; background_hover_color_opacity=&#8221;1&#8243; el_class=&#8221;despre&#8221; width=&#8221;1\/1&#8243;][vc_column_text] Stilul meu: simplu\u00a0&amp;\u00a0memorabil [\/vc_column_text][divider line_type=&#8221;No Line&#8221; custom_height=&#8221;30&#8243;][vc_column_text]G\u00e2ndire critic\u0103. Minte creativ\u0103. Fiin\u021b\u0103 norocoas\u0103. EXPERIEN\u021a\u0102: Am \u00een spate&#8230;<\/p>\n","protected":false},"author":1,"featured_media":0,"parent":0,"menu_order":0,"comment_status":"open","ping_status":"closed","template":"","meta":{"pmpro_default_level":"","footnotes":""},"class_list":{"0":"post-7930","1":"page","2":"type-page","3":"status-publish","5":"pmpro-has-access"},"aioseo_notices":[],"_links":{"self":[{"href":"https:\/\/www.larisaghitulescu.ro\/old\/wp-json\/wp\/v2\/pages\/7930","targetHints":{"allow":["GET"]}}],"collection":[{"href":"https:\/\/www.larisaghitulescu.ro\/old\/wp-json\/wp\/v2\/pages"}],"about":[{"href":"https:\/\/www.larisaghitulescu.ro\/old\/wp-json\/wp\/v2\/types\/page"}],"author":[{"embeddable":true,"href":"https:\/\/www.larisaghitulescu.ro\/old\/wp-json\/wp\/v2\/users\/1"}],"replies":[{"embeddable":true,"href":"https:\/\/www.larisaghitulescu.ro\/old\/wp-json\/wp\/v2\/comments?post=7930"}],"version-history":[{"count":45,"href":"https:\/\/www.larisaghitulescu.ro\/old\/wp-json\/wp\/v2\/pages\/7930\/revisions"}],"predecessor-version":[{"id":9095,"href":"https:\/\/www.larisaghitulescu.ro\/old\/wp-json\/wp\/v2\/pages\/7930\/revisions\/9095"}],"wp:attachment":[{"href":"https:\/\/www.larisaghitulescu.ro\/old\/wp-json\/wp\/v2\/media?parent=7930"}],"curies":[{"name":"wp","href":"https:\/\/api.w.org\/{rel}","templated":true}]}}