{"id":7171,"date":"2017-10-12T15:17:49","date_gmt":"2017-10-12T12:17:49","guid":{"rendered":"http:\/\/www.larisaghitulescu.ro\/?page_id=7171"},"modified":"2019-10-10T08:56:13","modified_gmt":"2019-10-10T05:56:13","slug":"ateliere","status":"publish","type":"page","link":"https:\/\/www.larisaghitulescu.ro\/old\/ateliere\/","title":{"rendered":"ATELIERE"},"content":{"rendered":"[vc_row type=&#8221;in_container&#8221; scene_position=&#8221;center&#8221; text_color=&#8221;dark&#8221; text_align=&#8221;left&#8221; overlay_strength=&#8221;0.3&#8243;][vc_column column_padding=&#8221;no-extra-padding&#8221; column_padding_position=&#8221;all&#8221; background_color_opacity=&#8221;1&#8243; background_hover_color_opacity=&#8221;1&#8243; width=&#8221;1\/1&#8243;][split_line_heading]\n<h2 style=\"text-align: left;\"><strong>\u0218tiin\u021b\u0103 concentrat\u0103 \u00eempotriva <em>f\u0103c\u0103turilor<\/em> de orice fel.<\/strong><\/h2>\n[\/split_line_heading][heading]\n<h4 style=\"text-align: left;\"><strong>O serie de ateliere pentru\u00a0genera\u021bia t\u00e2n\u0103r\u0103 \u0219i oricine vrea s\u0103\u00a0priceap\u0103 labirintul\u00a0presei, culisele publicit\u0103\u021bii, re\u021belele sociale, dar \u0219i modelele de finan\u021bare \u00een domeniu.\u00a0<\/strong><\/h4>\n<h4 style=\"text-align: left;\"><\/h4>\n[\/heading][heading]\n<h4>Dac\u0103 \u00een\u021belegi cum circul\u0103 banii, vei avea\u00a0mintea antrenat\u0103 s\u0103 te protejezi de <em>f\u0103c\u0103turile<\/em> din avalan\u0219a de informa\u021bii care\u00a0zilnic ne \u00eengroap\u0103.<\/h4>\n<hr \/>\n<p>(VIDEO: Exemplu de exerci\u021biu de g\u00e2ndire)[\/heading][vc_video link=&#8221;https:\/\/www.facebook.com\/atelieredegandire\/videos\/355279214933415\/&#8221;][milestone color=&#8221;Accent-Color&#8221; effect=&#8221;count&#8221; number=&#8221;1&#8243; subject=&#8221;ALFABETIZARE: MEDIA&#8221;][vc_column_text]\n<p style=\"text-align: justify;\">\u00cen 95% din cazuri, nivelul de alfabetizare media al tinerilor\u00a0tinde spre zero. C\u00e2nd lucreaz\u0103 cu informa\u021biile, le scap\u0103 interesele celor care le r\u0103sp\u00e2ndesc, leg\u0103turile cu politica \u0219i afacerile.\u00a0Dup\u0103 aceste ateliere\u00a0<span style=\"color: #de1414;\">vei \u00eenv\u0103\u021ba cum s\u0103 detectezi singur informa\u021bia toxic\u0103, cum s\u0103 cape\u021bi rezisten\u021b\u0103 la manipulare \u0219i s\u0103 iei decizii informate<\/span>\u00a0\u00een orice situa\u021bie. Vino s\u0103 \u00eenve\u021bi cum s\u0103-\u021bi pui \u00eentreb\u0103ri.<\/p>\n[\/vc_column_text][milestone color=&#8221;Extra-Color-1&#8243; effect=&#8221;count&#8221; number=&#8221;2&#8243; subject=&#8221;ALFABETIZARE: COMUNICARE&#8221;][vc_column_text]\n<p style=\"text-align: justify;\">Jur. E o tocan\u0103 total\u0103. Studen\u021bi, jurnali\u0219ti, comunicatori \u0219i chiar \u0219efi din companii care nu pun grani\u021ba \u00eentre PR, publicitate \u0219i jurnalism sau \u00eentre comunicare \u0219i v\u00e2nz\u0103ri. Bunele practici &#8211; at\u00e2t \u00een jurnalism, c\u00e2t \u0219i comunicare &#8211; s-au dat peste cap cu totul dup\u0103 criza din 2008. Colac peste pup\u0103z\u0103, re\u021belele sociale ne \u00eenv\u00e2rt pe degete de diminea\u021ba p\u00e2n\u0103 seara. Cine c\u00e2\u0219tig\u0103 \u0219i cine pierde? <span style=\"color: #de1414;\">Nu e complicat s\u0103 navighezi prin acest talme\u0219-balme\u0219 dac\u0103 de\u021bii informa\u021biile-cheie.<\/span><\/p>\n[\/vc_column_text][milestone color=&#8221;Extra-Color-3&#8243; effect=&#8221;count&#8221; number=&#8221;3&#8243; subject=&#8221;SCRIITUR\u0102: REGULI, TEHNICI, \u0218MECHERII&#8221;][vc_column_text]\n<p style=\"text-align: justify;\">Atelierul \u00een care vei r\u0103m\u00e2ne cu o minte antrenat\u0103.\u00a0Studen\u021bilor, pe care \u00eei instruiesc la Universitatea Bucure\u0219ti, le spun \u00een mod repetat urm\u0103toarea chestie: dac\u0103 vei \u00eenv\u0103\u021ba s\u0103 g\u00e2nde\u0219ti, textele \u021bi se vor scrie singure. Cum?\u00a0Sunt c\u00e2teva <span style=\"color: #de1414;\">reguli \u0219i tehnici de baz\u0103, dar \u0219i multe \u0219mecherii <\/span>pe care numai din teren le \u00eenve\u021bi. \u0218tiin\u021b\u0103, pe scurt. Am propriile mele metode \u0219i instrumente creative pentru a da aceast\u0103 \u0219tiin\u021b\u0103 mai departe.<\/p>\n[\/vc_column_text][milestone color=&#8221;Default&#8221; effect=&#8221;motion_blur&#8221; number=&#8221;4&#8243; subject=&#8221;ARTA INTERVIULUI: TRUCURI DE CULISE&#8221;][vc_column_text]\n<p style=\"text-align: justify;\">\u0218i aici e<span style=\"color: #de1414;\">\u00a0\u0219tiin\u021b\u0103,<\/span>\u00a0pe care o po\u021bi \u00eenv\u0103\u021ba de la mine. Re\u021bine \u00eens\u0103 c\u0103 ai nevoie \u0219i de carism\u0103, talent, spontaneitate, prezen\u021b\u0103 de spirit \u0219i inteligen\u021b\u0103 ca s\u0103 ob\u021bii ce vrei prin metoda interviului. E o art\u0103. Dar: dac\u0103 o st\u0103p\u00e2ne\u0219ti, te scoate din orice situa\u021bie. Un atelier practic, viu \u0219i foarte util oricui. Un <span style=\"color: #de1414;\">must-have pentru tinerii ziari\u0219ti.<\/span><\/p>\n[\/vc_column_text][milestone color=&#8221;Accent-Color&#8221; effect=&#8221;motion_blur&#8221; number=&#8221;5&#8243; subject=&#8221;FOR THOSE ABOUT TO ROCK: DEDESUBTURI, FINE\u021aURI \u0218I SECRETE&#8221;][vc_column_text]\n<p style=\"text-align: justify;\">Aici e <span style=\"color: #de1414;\">miezul<\/span>.\u00a0E un atelier gen &#8220;\u00centreab\u0103-m\u0103 orice&#8221;, lucr\u0103m cu c\u0103r\u021bile pe fa\u021b\u0103, om la om. Dac\u0103 ai parcurs toate celealte patru ateliere sau ai deja ceva experien\u021b\u0103, vei pre\u021bui\u00a0<span style=\"color: #de1414;\">informa\u021biile de culise \u0219i secretele profesionale<\/span> pe care \u021bi le voi pune la dispozi\u021bie. Folose\u0219te-le cu cap \u0219i vei c\u00e2\u0219tiga\u00a0enorm. E ok s\u0103 gre\u0219e\u0219ti, dar de ce s\u0103 le repe\u021bi pe ale altora? Ai grij\u0103 de energia ta, o s\u0103 ai nevoie de ea o via\u021b\u0103.<\/p>\n[\/vc_column_text][divider line_type=&#8221;Full Width Line&#8221;][image_with_animation image_url=&#8221;8352&#8243; alignment=&#8221;&#8221; animation=&#8221;Fade In&#8221;][\/vc_column][\/vc_row][vc_row type=&#8221;in_container&#8221; scene_position=&#8221;center&#8221; text_color=&#8221;dark&#8221; text_align=&#8221;left&#8221; overlay_strength=&#8221;0.3&#8243;][vc_column boxed=&#8221;true&#8221; column_padding=&#8221;no-extra-padding&#8221; column_padding_position=&#8221;all&#8221; background_color_opacity=&#8221;1&#8243; background_hover_color_opacity=&#8221;1&#8243; width=&#8221;1\/1&#8243;][vc_column_text css=&#8221;.vc_custom_1517646219104{border-radius: 1px !important;}&#8221;]La aceste ateliere lucrez \u00een propor\u021bie de 90% cu materialul participan\u021bilor: cuno\u0219tin\u021bele, curiozit\u0103\u021bile \u0219i percep\u021biile lor despre cum func\u021bioneaz\u0103 mass-media \u0219i comunicarea. Restul e \u0219tiin\u021b\u0103.<\/p>\n<p>\u00ce\u021bi vei \u00eensu\u0219i natural aceast\u0103 doz\u0103 de <span style=\"text-decoration: underline;\"><span style=\"color: #000000; text-decoration: underline;\"><strong>\u0219tiin\u021b\u0103 concentrat\u0103<\/strong><\/span><\/span>\u00a0<span style=\"color: #333333;\"><span style=\"color: #000000;\">s<\/span>timul\u00e2ndu-\u021bi g\u00e2ndirea.<\/span> Cum? Prin \u00eentreb\u0103ri succesive, exerci\u021bii practice \u0219i studii de caz variate (de aceea le \u0219i numesc ateliere de g\u00e2ndire, facere \u0219i desfacere).<\/p>\n<p>Vezi un exemplu <a href=\"https:\/\/www.facebook.com\/atelieredegandire\/videos\/355279214933415\/\">aici<\/a>.<\/p>\n<p><strong>Obiectivul<\/strong> meu este ca, la finalul celor 5 ateliere, propor\u021bia s\u0103 se inverseze &#8211;\u00a0<span style=\"text-decoration: underline;\"><strong>participan\u021bii s\u0103 \u0219tie s\u0103 aplice \u0219tiin\u021ba \u00een propor\u021bie de 90%:\u00a0<\/strong><\/span>c\u00e2nd consum\u0103 media \u0219i ce circul\u0103 \u00een re\u021belele sociale, c\u00e2nd \u00ee\u0219i fac meseria de jurnali\u0219ti sau comunicatori, c\u00e2nd decid bugete \u0219i c\u00e2nd cump\u0103r\u0103 bunuri \u0219i servicii.[\/vc_column_text][divider line_type=&#8221;Full Width Line&#8221;][carousel autorotate=&#8221;true&#8221; easing=&#8221;easeOutCubic&#8221; carousel_title=&#8221;CE DAU MAI DEPARTE:&#8221;][item id=&#8221;1507810673-1-41&#8243; tab_id=&#8221;1507815091441-0&#8243; title=&#8221;Item&#8221;][vc_column_text]<span style=\"color: #de1414;\"><strong>1. INFORMA\u021aIILE<\/strong>\u00a0<\/span>str\u00e2nse \u00een zece ani de teren ca jurnalist de afaceri, cu ochii pe dedesubturile industriei de media \u0219i publicitate:<\/p>\n<ul>\n<li>Momente-cheie, tranzac\u021bii, personaje influente, firul banilor<\/li>\n<\/ul>\n[\/vc_column_text][\/item][item id=&#8221;1507810673-2-1&#8243; tab_id=&#8221;1507815091686-7&#8243; title=&#8221;Item&#8221;][vc_column_text]<span style=\"color: #de1414;\"><strong>2.<\/strong>\u00a0<strong>OBSERVA\u021aIILE<\/strong>\u00a0<\/span><span style=\"text-decoration: underline;\">din teren<\/span>\u00a0despre cum se \u00eent\u00e2mpl\u0103 consumul mass-media \u0219i leadership-ul \u00een media din Rom\u00e2nia;<\/p>\n<ul>\n<li>\u00cen\u021belegi boomul, declinul \u0219i cumva explic\u0103 starea actual\u0103 din Rom\u00e2nia \u2013 nu doar din mass-media<\/li>\n<\/ul>\n[\/vc_column_text][\/item][item id=&#8221;1507810673-3-56&#8243; tab_id=&#8221;1507815091976-8&#8243; title=&#8221;Item&#8221;][vc_column_text]<span style=\"color: #de1414;\"><strong>3. \u0218TIIN\u021aA<\/strong><\/span>\u00a0pe care am dob\u00e2ndit-o studiindu-i pe pionierii mass-media;<\/p>\n<ul>\n<li>Pu\u0219i cap la cap, cu tot cu formare extra-\u0219coal\u0103, sunt\u00a0<span style=\"text-decoration: underline;\">6 ani de instruire \u0219i cercetare<\/span>\u00a0de specialitate<\/li>\n<\/ul>\n[\/vc_column_text][\/item][item title=&#8221;Item&#8221; id=&#8221;1517646000269-0-10&#8243; tab_id=&#8221;1517646000273-2&#8243;][vc_column_text][\/vc_column_text][\/item][\/carousel][vc_column_text]<strong><span style=\"color: #de1414;\">4. SECRETE<\/span>\u00a0de tot felul, tehnici, practici, <span style=\"text-decoration: underline;\">situa\u021bii despicate-n patru<\/span>, lec\u021bii de la al\u021bi oameni, dar mai ales cele \u00eenv\u0103\u021bate pe pielea mea.<\/strong><\/p>\n<p style=\"text-align: center;\"><span style=\"color: #db0b0b;\"><strong>MULTE-MULTE STUDII DE CAZ.<\/strong><\/span><\/p>\n[\/vc_column_text][divider line_type=&#8221;Full Width Line&#8221;][vc_column_text]\n<h3>\u00cen spate st\u0103 o <span style=\"color: #de1414;\">munc\u0103<\/span>\u00a0\u00een: \u0219apte redac\u021bii; o companie cu capital rom\u00e2nesc; o multina\u021bional\u0103; o institu\u021bie media public\u0103; o funda\u021bie; o facultate; un Guvern \u0219i \u0219apte ani pe cont propriu.<\/h3>\n[\/vc_column_text][divider line_type=&#8221;Full Width Line&#8221;][vc_gallery type=&#8221;image_grid&#8221; images=&#8221;6743,6745,7168&#8243; layout=&#8221;3&#8243; gallery_style=&#8221;1&#8243;][divider line_type=&#8221;Full Width Line&#8221;][testimonial_slider style=&#8221;default&#8221;][testimonial title=&#8221;Testimonial&#8221; tab_id=&#8221;1507814358843-7&#8243; quote=&#8221;In cutia-cu-de-toate cu care lucrez se afla metode si instrumente originale, tehnnici creative de alfabetizare media si stimulare a gandirii, povesti spumoase, picanterii, informatii-beton si secrete bine-pazite in timp.&#8221; id=&#8221;1517867524010-10&#8243;] Click the edit button to add your testimonial. [\/testimonial][testimonial title=&#8221;Testimonial&#8221; id=&#8221;1507810673-2-18&#8243; tab_id=&#8221;1507814359008-10&#8243;] Click the edit button to add your testimonial. [\/testimonial][\/testimonial_slider][divider line_type=&#8221;Full Width Line&#8221;][\/vc_column][\/vc_row][vc_row type=&#8221;in_container&#8221; scene_position=&#8221;center&#8221; text_color=&#8221;dark&#8221; text_align=&#8221;left&#8221; overlay_strength=&#8221;0.3&#8243;][vc_column column_padding=&#8221;no-extra-padding&#8221; column_padding_position=&#8221;all&#8221; background_color_opacity=&#8221;1&#8243; background_hover_color_opacity=&#8221;1&#8243; width=&#8221;1\/1&#8243;][vc_column_text]Faci primii pa\u0219i \u00een jurnalism \u0219i comunicare? Sau lucrezi \u00een cu totul alt domeniu, \u00eens\u0103 vrei\u00a0s\u0103 pricepi cum se \u00eent\u00e2mpl\u0103 lucrurile \u00een\u00a0aceasta\u00a0industrie \u00eentortocheat\u0103? Te rog s\u0103 completezi<span style=\"text-decoration: underline;\">\u00a0<a href=\"https:\/\/goo.gl\/forms\/wPPGDX93Tsin0iNN2\">acest scurt formular.<\/a><\/span><\/p>\n<p>Te voi contacta c\u00e2t de cur\u00e2nd pentru pa\u0219ii urm\u0103tori.[\/vc_column_text][divider line_type=&#8221;Full Width Line&#8221;][\/vc_column][\/vc_row][vc_row type=&#8221;in_container&#8221; scene_position=&#8221;center&#8221; text_color=&#8221;dark&#8221; text_align=&#8221;left&#8221; overlay_strength=&#8221;0.3&#8243;][vc_column column_padding=&#8221;no-extra-padding&#8221; column_padding_position=&#8221;all&#8221; background_color_opacity=&#8221;1&#8243; background_hover_color_opacity=&#8221;1&#8243; width=&#8221;1\/1&#8243;]<div class=\"nectar-fancy-ul\" data-list-icon=\"fa fa-glass\" data-animation=\"true\" data-animation-delay=\"0\" data-color=\"extra-color-3\" data-spacing=\"default\" data-alignment=\"left\"> \n<p style=\"text-align: center;\">***<\/p>\n<p><span style=\"color: #3366ff;\">Fii la curent cu ce se mai \u00eent\u00e2mpl\u0103, <\/span><a href=\"https:\/\/www.facebook.com\/atelieredegandire\/\">aici<\/a>. Hashtag-urile de lucru sunt: #iaghici\u00a0 #ateliere #gandire #facere #desfacere #alfabetizaremedia #followthemoney #jurnalism #agendasetting #watchdog\u00a0 #comunicare #pr #publicitate #digital #facebook #bloguri #facaturi #educatienonformala #curious #thinkers #doers\u00a0 #abouttorock #highvoltage\u00a0 #dupa20deani #cala20deani <\/div>[morphing_outline starting_color=&#8221;#d63c31&#8243;]O sa fie fun.[\/morphing_outline][\/vc_column][\/vc_row][vc_row type=&#8221;in_container&#8221; scene_position=&#8221;center&#8221; text_color=&#8221;dark&#8221; text_align=&#8221;left&#8221; overlay_strength=&#8221;0.3&#8243;][vc_column column_padding=&#8221;no-extra-padding&#8221; column_padding_position=&#8221;all&#8221; background_color_opacity=&#8221;1&#8243; background_hover_color_opacity=&#8221;1&#8243; width=&#8221;1\/1&#8243;][\/vc_column][\/vc_row]\n","protected":false},"excerpt":{"rendered":"<p>[vc_row type=&#8221;in_container&#8221; scene_position=&#8221;center&#8221; text_color=&#8221;dark&#8221; text_align=&#8221;left&#8221; overlay_strength=&#8221;0.3&#8243;][vc_column column_padding=&#8221;no-extra-padding&#8221; column_padding_position=&#8221;all&#8221; background_color_opacity=&#8221;1&#8243; background_hover_color_opacity=&#8221;1&#8243; width=&#8221;1\/1&#8243;][split_line_heading] \u0218tiin\u021b\u0103 concentrat\u0103 \u00eempotriva f\u0103c\u0103turilor de orice fel. [\/split_line_heading][heading] O serie de ateliere pentru\u00a0genera\u021bia t\u00e2n\u0103r\u0103 \u0219i oricine vrea s\u0103\u00a0priceap\u0103 labirintul\u00a0presei,&#8230;<\/p>\n","protected":false},"author":2,"featured_media":7097,"parent":0,"menu_order":0,"comment_status":"closed","ping_status":"closed","template":"","meta":{"pmpro_default_level":"","footnotes":""},"class_list":{"0":"post-7171","1":"page","2":"type-page","3":"status-publish","4":"has-post-thumbnail","6":"pmpro-has-access"},"aioseo_notices":[],"_links":{"self":[{"href":"https:\/\/www.larisaghitulescu.ro\/old\/wp-json\/wp\/v2\/pages\/7171","targetHints":{"allow":["GET"]}}],"collection":[{"href":"https:\/\/www.larisaghitulescu.ro\/old\/wp-json\/wp\/v2\/pages"}],"about":[{"href":"https:\/\/www.larisaghitulescu.ro\/old\/wp-json\/wp\/v2\/types\/page"}],"author":[{"embeddable":true,"href":"https:\/\/www.larisaghitulescu.ro\/old\/wp-json\/wp\/v2\/users\/2"}],"replies":[{"embeddable":true,"href":"https:\/\/www.larisaghitulescu.ro\/old\/wp-json\/wp\/v2\/comments?post=7171"}],"version-history":[{"count":131,"href":"https:\/\/www.larisaghitulescu.ro\/old\/wp-json\/wp\/v2\/pages\/7171\/revisions"}],"predecessor-version":[{"id":8351,"href":"https:\/\/www.larisaghitulescu.ro\/old\/wp-json\/wp\/v2\/pages\/7171\/revisions\/8351"}],"wp:featuredmedia":[{"embeddable":true,"href":"https:\/\/www.larisaghitulescu.ro\/old\/wp-json\/wp\/v2\/media\/7097"}],"wp:attachment":[{"href":"https:\/\/www.larisaghitulescu.ro\/old\/wp-json\/wp\/v2\/media?parent=7171"}],"curies":[{"name":"wp","href":"https:\/\/api.w.org\/{rel}","templated":true}]}}